{"id":574,"date":"2024-10-24T22:28:01","date_gmt":"2024-10-24T20:28:01","guid":{"rendered":"https:\/\/bs-gridsolutions.com\/imprint\/"},"modified":"2024-11-21T13:17:09","modified_gmt":"2024-11-21T12:17:09","slug":"legal-notice","status":"publish","type":"page","link":"https:\/\/bs-gridsolutions.com\/en\/legal-notice\/","title":{"rendered":"Legal notice"},"content":{"rendered":"<h2>Legal notice<\/h2>\n<p><strong>Responsible for this website and its contents.<\/strong><\/p>\n<address><strong style=\"font-style: normal;\">B+S grid solutions GmbH<\/strong><\/address>\n<address>Management:<br \/>Dipl.-Ing. (FH) Kirstin Budde<br \/>Dipl.-Ing. (FH) Peter Scholle<\/address>\n<address> <\/address>\n<address>Schulstr. 38<br \/>26524 Berumbur<br \/>Germany <\/address>\n<address> <\/address>\n<address>Tel.: +49(0)4931 \/ 9728566<br \/>Email: <a href=\"mailto:info@bs-gridsolutions.com\">info@bs-gridsolutions.com<\/a><\/address>\n<address> <\/address>\n<address>Register court: Local court Aurich, HRB 204070<\/address>\n<address>Sales tax ID: DE309627907<\/address>\n<address> <\/address>\n<address>\n<p><b>Webdesign:<\/b><br \/>DIE MEDIENM\u00dcHLE<br \/>Monika Czermi\u0144ska<br \/>Zum Vorwerk 79<br \/>32609 H\u00fcllhorst<br \/><a href=\"http:\/\/www.die-medienmuehle.de\/\">www.die-medienmuehle.de<\/a><\/p>\n<p>DIE MEDIENM\u00dcHLE \u2013 Monika Czermi\u0144ska \u2013 does not accept any liability for incorrect or incomplete representations.<\/p>\n<p><b>EU dispute resolution<\/b><br \/>The European Commission provides a platform for online dispute resolution (OS): <a href=\"https:\/\/ec.europa.eu\/consumers\/odr\/\">https:\/\/ec.europa.eu\/consumers\/odr\/<\/a>.<br \/>You can find our e-mail address on the left in the legal notice.<br \/><strong>Consumer dispute resolution\/Universal arbitration board<\/strong><br \/>We are not willing or obliged to participate in dispute resolution proceedings before a consumer arbitration board.<\/p>\n<p>Source: <a href=\"https:\/\/www.e-recht24.de\/\">eRecht24<\/a><\/p>\n<\/address>\n<p><b>Liability for content<\/b><br \/>As a service provider, we are responsible for our own content on these pages in accordance with the general laws pursuant to Section 7 (1) TMG. According to \u00a7\u00a7 8 to 10 TMG, however, we as a service provider are not obliged to monitor transmitted or stored third-party information or to investigate circumstances that indicate illegal activity. Obligations to remove or block the use of information in accordance with general legislation remain unaffected by this. However, liability in this respect is only possible from the time of knowledge of a specific infringement. As soon as we become aware of such infringements, we will remove this content immediately.     <\/p>\n<p><b>Liability for links<\/b><br \/>Our website contains links to external third-party websites over whose content we have no influence. We can therefore accept no liability for this third-party content. The respective provider or operator of the pages is always responsible for the content of the linked pages. The linked pages were checked for possible legal violations at the time of linking. Illegal content was not recognizable at the time of linking. However, permanent monitoring of the content of the linked pages is not reasonable without concrete evidence of an infringement. If we become aware of any legal infringements, we will remove such links immediately.      <\/p>\n<p><b>Copyright<\/b><br \/>The content and works created by the site operators on these pages are subject to German copyright law. Duplication, processing, distribution and any form of commercialization of such material beyond the scope of the copyright law shall require the prior written consent of its respective author or creator. Downloads and copies of this site are only permitted for private, non-commercial use. Insofar as the content on this site was not created by the operator, the copyrights of third parties are respected. In particular, third-party content is identified as such. Should you nevertheless become aware of a copyright infringement, please inform us accordingly. If we become aware of any infringements, we will remove such content immediately.      <\/p>\n<p>Copyright Notice:<br style=\"color: #222222; font-family: Roboto; font-size: 15px;\">stock.adobe.com: \u00a9<a style=\"background-color: #ffffff; color: #337ab7; transition: 0.3s; font-family: Roboto; font-size: 15px; font-weight: 400;\" href=\"https:\/\/stock.adobe.com\/de\/contributor\/209761905\/kamiphotos?load_type=author&amp;prev_url=detail\">kamiphotos<\/a>; \u00a9<a style=\"background-color: #ffffff; color: #337ab7; transition: 0.3s; font-family: Roboto; font-size: 15px; font-weight: 400;\" href=\"https:\/\/stock.adobe.com\/de\/contributor\/202910696\/ungvar?load_type=author&amp;prev_url=detail\">ungvar<\/a>; \u00a9<a style=\"background-color: #ffffff; color: #337ab7; transition: 0.3s; font-family: Roboto; font-size: 15px; font-weight: 400;\" href=\"https:\/\/stock.adobe.com\/de\/contributor\/211757858\/eyepain?load_type=author&amp;prev_url=detail\">Eyepain<\/a>; \u00a9<a style=\"background-color: #ffffff; color: #337ab7; transition: 0.3s; font-family: Roboto; font-size: 15px; font-weight: 400;\" href=\"https:\/\/stock.adobe.com\/de\/contributor\/201030045\/ingo-bartussek?load_type=author&amp;prev_url=detail\">Ingo Bartussek<\/a>; \u00a9<a style=\"background-color: #ffffff; color: #337ab7; transition: 0.3s; font-family: Roboto; font-size: 15px; font-weight: 400;\" href=\"https:\/\/stock.adobe.com\/de\/contributor\/200576396\/robert-kneschke?load_type=author&amp;prev_url=detail\">Robert Kneschke<\/a>; \u00a9<a style=\"background-color: #ffffff; color: #337ab7; transition: 0.3s; font-family: Roboto; font-size: 15px; font-weight: 400;\" href=\"https:\/\/stock.adobe.com\/de\/contributor\/208553827\/planetz?load_type=author&amp;prev_url=detail\">Planetz<\/a>; \u00a9<a style=\"background-color: #ffffff; color: #337ab7; transition: 0.3s; font-family: Roboto; font-size: 15px; font-weight: 400;\" href=\"https:\/\/stock.adobe.com\/de\/contributor\/208683196\/sarah?load_type=author&amp;prev_url=detail\">Sarah<\/a>; \u00a9<a style=\"background-color: #ffffff; color: #337ab7; transition: 0.3s; font-family: Roboto; font-size: 15px; font-weight: 400;\" href=\"https:\/\/stock.adobe.com\/de\/contributor\/201602802\/yo-camon?load_type=author&amp;prev_url=detail\">yo camon;<\/a> \u00a9<a style=\"background-color: #ffffff; color: #337ab7; transition: 0.3s; margin-bottom: 0px; font-family: Roboto; font-size: 15px; font-weight: 400;\" href=\"https:\/\/stock.adobe.com\/de\/contributor\/209805446\/bettina?load_type=author&amp;prev_url=detail\" data-ingest-clicktype=\"details-contributor-link\">Bettina<\/a>;<\/p>\n","protected":false},"excerpt":{"rendered":"<p>Legal notice Responsible for this website and its contents. B+S grid solutions GmbH Management:Dipl.-Ing. (FH) Kirstin BuddeDipl.-Ing. (FH) Peter Scholle Schulstr. 3826524 BerumburGermany Tel.: +49(0)4931 \/ 9728566Email: info@bs-gridsolutions.com Register court: Local court Aurich, HRB 204070 Sales tax ID: DE309627907 Webdesign:DIE MEDIENM\u00dcHLEMonika Czermi\u0144skaZum Vorwerk 7932609 H\u00fcllhorstwww.die-medienmuehle.de DIE MEDIENM\u00dcHLE \u2013 Monika Czermi\u0144ska \u2013 does not accept any [&hellip;]<\/p>\n","protected":false},"author":2,"featured_media":0,"parent":0,"menu_order":0,"comment_status":"closed","ping_status":"closed","template":"","meta":{"footnotes":""},"class_list":["post-574","page","type-page","status-publish","hentry"],"_links":{"self":[{"href":"https:\/\/bs-gridsolutions.com\/en\/wp-json\/wp\/v2\/pages\/574","targetHints":{"allow":["GET"]}}],"collection":[{"href":"https:\/\/bs-gridsolutions.com\/en\/wp-json\/wp\/v2\/pages"}],"about":[{"href":"https:\/\/bs-gridsolutions.com\/en\/wp-json\/wp\/v2\/types\/page"}],"author":[{"embeddable":true,"href":"https:\/\/bs-gridsolutions.com\/en\/wp-json\/wp\/v2\/users\/2"}],"replies":[{"embeddable":true,"href":"https:\/\/bs-gridsolutions.com\/en\/wp-json\/wp\/v2\/comments?post=574"}],"version-history":[{"count":5,"href":"https:\/\/bs-gridsolutions.com\/en\/wp-json\/wp\/v2\/pages\/574\/revisions"}],"predecessor-version":[{"id":725,"href":"https:\/\/bs-gridsolutions.com\/en\/wp-json\/wp\/v2\/pages\/574\/revisions\/725"}],"wp:attachment":[{"href":"https:\/\/bs-gridsolutions.com\/en\/wp-json\/wp\/v2\/media?parent=574"}],"curies":[{"name":"wp","href":"https:\/\/api.w.org\/{rel}","templated":true}]}}