{"id":610,"date":"2024-10-24T22:28:01","date_gmt":"2024-10-24T20:28:01","guid":{"rendered":"https:\/\/bs-gridsolutions.com\/avtryck\/"},"modified":"2024-11-21T13:29:38","modified_gmt":"2024-11-21T12:29:38","slug":"om-webbplatsen","status":"publish","type":"page","link":"https:\/\/bs-gridsolutions.com\/sv\/om-webbplatsen\/","title":{"rendered":"Om webbplatsen"},"content":{"rendered":"<h2>Om webbplatsen<\/h2>\n<p><strong>ANSVARIG F\u00d6R DENNA WEBBPLATS OCH DESS INNEH\u00c5LL<\/strong><\/p>\n<address><strong style=\"font-style: normal;\">B+S grid solutions GmbH<\/strong><\/address>\n<address>F\u00f6rvaltning:<br \/>Dipl.-Ing. (FH) Kirstin Budde<br \/>Dipl.-Ing. (FH) Peter Scholle<\/address>\n<address>&nbsp;<\/address>\n<address>Schulstr. 38<br \/>26524 Berumbur<br \/>Tyskland <\/address>\n<address>&nbsp;<\/address>\n<address>Tel.: 04931 \/ 9728566<br \/>E-Mail: <a href=\"mailto:info@bs-gridsolutions.com\">info@bs-gridsolutions.com<\/a><\/address>\n<address>&nbsp;<\/address>\n<address>Registerdomstol: Lokala domstolen Aurich, HRB 204070<\/address>\n<address>Merv\u00e4rdesskatt ID: DE309627907<\/address>\n<address>&nbsp;<\/address>\n<address>\n<p><b>&nbsp;<\/b><\/p>\n<p><b>&nbsp;<\/b><\/p>\n<p><b>&nbsp;<\/b><\/p>\n<p><b>Webdesign:<\/b><br \/>DIE MEDIENM\u00dcHLE<br \/>Monika Czermi\u0144ska<br \/>Zum Vorwerk 79<br \/>32609 H\u00fcllhorst<br \/>Tyskland<br \/><a href=\"http:\/\/www.die-medienmuehle.de\/\">www.die-medienmuehle.de<\/a><\/p>\n<p>DIE MEDIENM\u00dcHLE &#8211; Monika Czermi\u0144ska &#8211; p\u00e5tar sig inget ansvar f\u00f6r felaktiga eller ofullst\u00e4ndiga framst\u00e4llningar.<\/p>\n<p>E<b>U:<\/b>s tvistl\u00f6sning Europeiska kommissionen tillhandah\u00e5ller en plattform f\u00f6r tvistl\u00f6sning online (OS): <a href=\"https:\/\/ec.europa.eu\/consumers\/odr\/\">https:\/\/ec.europa.eu\/consumers\/odr\/<\/a><br \/>Du hittar v\u00e5r e-postadress till v\u00e4nster.<\/p>\n<p>K<strong>onsumenttvistl\u00f6sning\/Universell skiljen\u00e4mnd<\/strong> Vi \u00e4r inte villiga eller skyldiga att delta i tvistl\u00f6sningsf\u00f6rfaranden inf\u00f6r en konsumentskiljen\u00e4mnd.<\/p>\n<p>K\u00e4lla: <a href=\"https:\/\/www.e-recht24.de\/\">eRecht24<\/a><\/p>\n<\/address>\n<p>A<b>nsvar f\u00f6r inneh\u00e5ll<\/b><br \/>Som tj\u00e4nsteleverant\u00f6r \u00e4r vi ansvariga f\u00f6r v\u00e5rt eget inneh\u00e5ll p\u00e5 dessa sidor i enlighet med allm\u00e4n lagstiftning enligt \u00a7 7 (1) TMG. Enligt \u00a7\u00a7 8 till 10 TMG \u00e4r vi som tj\u00e4nsteleverant\u00f6r dock inte skyldiga att \u00f6vervaka \u00f6verf\u00f6rd eller lagrad information fr\u00e5n tredje part eller att unders\u00f6ka omst\u00e4ndigheter som tyder p\u00e5 olaglig verksamhet. Skyldigheter att ta bort eller blockera anv\u00e4ndningen av information i enlighet med allm\u00e4n lagstiftning f\u00f6rblir op\u00e5verkade av detta. Ansvar i detta avseende \u00e4r dock endast m\u00f6jligt fr\u00e5n och med tidpunkten f\u00f6r k\u00e4nnedom om en specifik \u00f6vertr\u00e4delse. S\u00e5 snart vi f\u00e5r k\u00e4nnedom om s\u00e5dana \u00f6vertr\u00e4delser kommer vi omedelbart att ta bort detta inneh\u00e5ll.<\/p>\n<p>A<b>nsvar f\u00f6r l\u00e4nkar<\/b><br \/>V\u00e5r webbplats inneh\u00e5ller l\u00e4nkar till externa webbplatser fr\u00e5n tredje part vars inneh\u00e5ll vi inte har n\u00e5got inflytande \u00f6ver. D\u00e4rf\u00f6r kan vi inte ta n\u00e5got ansvar f\u00f6r detta inneh\u00e5ll fr\u00e5n tredje part. Respektive leverant\u00f6r eller operat\u00f6r av sidorna \u00e4r alltid ansvarig f\u00f6r inneh\u00e5llet p\u00e5 de l\u00e4nkade sidorna. De l\u00e4nkade sidorna har vid tidpunkten f\u00f6r l\u00e4nkningen kontrollerats med avseende p\u00e5 eventuella lag\u00f6vertr\u00e4delser. Olagligt inneh\u00e5ll kunde inte identifieras vid tidpunkten f\u00f6r l\u00e4nkningen. En permanent \u00f6vervakning av inneh\u00e5llet p\u00e5 de l\u00e4nkade sidorna \u00e4r dock inte rimlig utan konkreta bevis p\u00e5 en \u00f6vertr\u00e4delse. Om vi f\u00e5r k\u00e4nnedom om lag\u00f6vertr\u00e4delser kommer vi omedelbart att ta bort s\u00e5dana l\u00e4nkar.<\/p>\n<p><strong>Upphovsr\u00e4tt<\/strong> Inneh\u00e5llet och de verk som skapats av webbplatsoperat\u00f6rerna p\u00e5 dessa sidor omfattas av tysk upphovsr\u00e4ttslagstiftning. Kopiering, bearbetning, distribution och alla former av kommersialisering av s\u00e5dant material som inte omfattas av upphovsr\u00e4ttslagen kr\u00e4ver f\u00f6reg\u00e5ende skriftligt medgivande fr\u00e5n respektive f\u00f6rfattare eller skapare. Nedladdningar och kopior av denna webbplats \u00e4r endast till\u00e5tna f\u00f6r privat, icke-kommersiellt bruk. I den m\u00e5n inneh\u00e5llet p\u00e5 denna webbplats inte har skapats av operat\u00f6ren respekteras tredje parts upphovsr\u00e4tt. I synnerhet inneh\u00e5ll fr\u00e5n tredje part \u00e4r m\u00e4rkt som s\u00e5dant. Om du \u00e4nd\u00e5 skulle f\u00e5 k\u00e4nnedom om ett upphovsr\u00e4ttsintr\u00e5ng ber vi dig att informera oss om detta. Om vi f\u00e5r k\u00e4nnedom om n\u00e5got intr\u00e5ng kommer vi omedelbart att ta bort inneh\u00e5llet.<\/p>\n<p>Information om upphovsr\u00e4tt:<br style=\"color: #222222; font-family: Roboto; font-size: 15px;\">stock.adobe.com: \u00a9<a style=\"background-color: #ffffff; color: #337ab7; transition: 0.3s; font-family: Roboto; font-size: 15px; font-weight: 400;\" href=\"https:\/\/stock.adobe.com\/de\/contributor\/209761905\/kamiphotos?load_type=author&amp;prev_url=detail\">kamiphotos<\/a>; \u00a9<a style=\"background-color: #ffffff; color: #337ab7; transition: 0.3s; font-family: Roboto; font-size: 15px; font-weight: 400;\" href=\"https:\/\/stock.adobe.com\/de\/contributor\/202910696\/ungvar?load_type=author&amp;prev_url=detail\">ungvar<\/a>; \u00a9<a style=\"background-color: #ffffff; color: #337ab7; transition: 0.3s; font-family: Roboto; font-size: 15px; font-weight: 400;\" href=\"https:\/\/stock.adobe.com\/de\/contributor\/211757858\/eyepain?load_type=author&amp;prev_url=detail\">Eyepain<\/a>; \u00a9<a style=\"background-color: #ffffff; color: #337ab7; transition: 0.3s; font-family: Roboto; font-size: 15px; font-weight: 400;\" href=\"https:\/\/stock.adobe.com\/de\/contributor\/201030045\/ingo-bartussek?load_type=author&amp;prev_url=detail\">Ingo Bartussek<\/a>; \u00a9<a style=\"background-color: #ffffff; color: #337ab7; transition: 0.3s; font-family: Roboto; font-size: 15px; font-weight: 400;\" href=\"https:\/\/stock.adobe.com\/de\/contributor\/200576396\/robert-kneschke?load_type=author&amp;prev_url=detail\">Robert Kneschke<\/a>; \u00a9<a style=\"background-color: #ffffff; color: #337ab7; transition: 0.3s; font-family: Roboto; font-size: 15px; font-weight: 400;\" href=\"https:\/\/stock.adobe.com\/de\/contributor\/208553827\/planetz?load_type=author&amp;prev_url=detail\">Planetz<\/a>; \u00a9<a style=\"background-color: #ffffff; color: #337ab7; transition: 0.3s; font-family: Roboto; font-size: 15px; font-weight: 400;\" href=\"https:\/\/stock.adobe.com\/de\/contributor\/208683196\/sarah?load_type=author&amp;prev_url=detail\">Sarah<\/a>; \u00a9<a style=\"background-color: #ffffff; color: #337ab7; transition: 0.3s; font-family: Roboto; font-size: 15px; font-weight: 400;\" href=\"https:\/\/stock.adobe.com\/de\/contributor\/201602802\/yo-camon?load_type=author&amp;prev_url=detail\">yo camon;<\/a> \u00a9<a style=\"background-color: #ffffff; color: #337ab7; transition: 0.3s; margin-bottom: 0px; font-family: Roboto; font-size: 15px; font-weight: 400;\" href=\"https:\/\/stock.adobe.com\/de\/contributor\/209805446\/bettina?load_type=author&amp;prev_url=detail\" data-ingest-clicktype=\"details-contributor-link\">Bettina<\/a>;<\/p>\n","protected":false},"excerpt":{"rendered":"<p>Om webbplatsen ANSVARIG F\u00d6R DENNA WEBBPLATS OCH DESS INNEH\u00c5LL B+S grid solutions GmbH F\u00f6rvaltning:Dipl.-Ing. (FH) Kirstin BuddeDipl.-Ing. (FH) Peter Scholle &nbsp; Schulstr. 3826524 BerumburTyskland &nbsp; Tel.: 04931 \/ 9728566E-Mail: info@bs-gridsolutions.com &nbsp; Registerdomstol: Lokala domstolen Aurich, HRB 204070 Merv\u00e4rdesskatt ID: DE309627907 &nbsp; &nbsp; &nbsp; &nbsp; Webdesign:DIE MEDIENM\u00dcHLEMonika Czermi\u0144skaZum Vorwerk 7932609 H\u00fcllhorstTysklandwww.die-medienmuehle.de DIE MEDIENM\u00dcHLE &#8211; Monika Czermi\u0144ska [&hellip;]<\/p>\n","protected":false},"author":2,"featured_media":0,"parent":0,"menu_order":0,"comment_status":"closed","ping_status":"closed","template":"","meta":{"footnotes":""},"class_list":["post-610","page","type-page","status-publish","hentry"],"_links":{"self":[{"href":"https:\/\/bs-gridsolutions.com\/sv\/wp-json\/wp\/v2\/pages\/610","targetHints":{"allow":["GET"]}}],"collection":[{"href":"https:\/\/bs-gridsolutions.com\/sv\/wp-json\/wp\/v2\/pages"}],"about":[{"href":"https:\/\/bs-gridsolutions.com\/sv\/wp-json\/wp\/v2\/types\/page"}],"author":[{"embeddable":true,"href":"https:\/\/bs-gridsolutions.com\/sv\/wp-json\/wp\/v2\/users\/2"}],"replies":[{"embeddable":true,"href":"https:\/\/bs-gridsolutions.com\/sv\/wp-json\/wp\/v2\/comments?post=610"}],"version-history":[{"count":11,"href":"https:\/\/bs-gridsolutions.com\/sv\/wp-json\/wp\/v2\/pages\/610\/revisions"}],"predecessor-version":[{"id":729,"href":"https:\/\/bs-gridsolutions.com\/sv\/wp-json\/wp\/v2\/pages\/610\/revisions\/729"}],"wp:attachment":[{"href":"https:\/\/bs-gridsolutions.com\/sv\/wp-json\/wp\/v2\/media?parent=610"}],"curies":[{"name":"wp","href":"https:\/\/api.w.org\/{rel}","templated":true}]}}